{"id":362,"date":"2026-03-07T13:49:14","date_gmt":"2026-03-07T13:49:14","guid":{"rendered":"https:\/\/www.alandersukuseura.fi\/?page_id=362"},"modified":"2026-03-18T15:42:23","modified_gmt":"2026-03-18T15:42:23","slug":"jasenkirjeet-ja-tiedotteet","status":"publish","type":"page","link":"https:\/\/www.alandersukuseura.fi\/?page_id=362","title":{"rendered":"J\u00e4senkirjeet ja -tiedotteet"},"content":{"rendered":"\n<p>J\u00e4senkirjeet ja -tiedotteet l\u00e4hetet\u00e4\u00e4n jokaiselle sukuseuramme j\u00e4senelle s\u00e4hk\u00f6postilla.<\/p>\n\n\n\n<p>Jos et ole saanut s\u00e4hk\u00f6postia sukuseuralta niin tarkista, ett\u00e4 postit eiv\u00e4t ole menneet postiohjelmasi &#8221;roskaposti&#8221; kansioon. S\u00e4hk\u00f6postit l\u00e4hetet\u00e4\u00e4n j\u00e4senrekisterin postituslistalta.<\/p>\n\n\n\n<p>P\u00e4ivit\u00e4 s\u00e4hk\u00f6postisi t\u00e4ll\u00e4 <a href=\"https:\/\/www.alandersukuseura.fi\/?page_id=24\" data-type=\"page\" data-id=\"24\">lomakkeella<\/a>.<\/p>\n\n\n\n<p><\/p>\n\n\n\n<p>Valitse painikkeesta:<\/p>\n\n\n\n<div class=\"wp-block-buttons is-layout-flex wp-block-buttons-is-layout-flex\">\n<div class=\"wp-block-button\"><a class=\"wp-block-button__link wp-element-button\" href=\"https:\/\/www.alandersukuseura.fi\/?page_id=357\"><strong>J\u00e4senkirjeet<\/strong><\/a><\/div>\n<\/div>\n\n\n\n<div class=\"wp-block-buttons is-layout-flex wp-block-buttons-is-layout-flex\">\n<div class=\"wp-block-button\"><a class=\"wp-block-button__link wp-element-button\" href=\"https:\/\/www.alandersukuseura.fi\/?page_id=359\"><strong>J\u00e4sentiedotteet<\/strong><\/a><\/div>\n<\/div>\n\n\n\n<p><\/p>\n","protected":false},"excerpt":{"rendered":"<p>J\u00e4senkirjeet ja -tiedotteet l\u00e4hetet\u00e4\u00e4n jokaiselle sukuseuramme j\u00e4senelle s\u00e4hk\u00f6postilla. Jos et ole saanut s\u00e4hk\u00f6postia sukuseuralta niin tarkista, ett\u00e4 postit eiv\u00e4t ole menneet postiohjelmasi &#8221;roskaposti&#8221; kansioon. S\u00e4hk\u00f6postit l\u00e4hetet\u00e4\u00e4n j\u00e4senrekisterin postituslistalta. P\u00e4ivit\u00e4 s\u00e4hk\u00f6postisi t\u00e4ll\u00e4 lomakkeella. Valitse painikkeesta:<\/p>\n","protected":false},"author":1,"featured_media":0,"parent":0,"menu_order":0,"comment_status":"closed","ping_status":"closed","template":"","meta":{"footnotes":""},"class_list":["post-362","page","type-page","status-publish","hentry"],"_links":{"self":[{"href":"https:\/\/www.alandersukuseura.fi\/index.php?rest_route=\/wp\/v2\/pages\/362","targetHints":{"allow":["GET"]}}],"collection":[{"href":"https:\/\/www.alandersukuseura.fi\/index.php?rest_route=\/wp\/v2\/pages"}],"about":[{"href":"https:\/\/www.alandersukuseura.fi\/index.php?rest_route=\/wp\/v2\/types\/page"}],"author":[{"embeddable":true,"href":"https:\/\/www.alandersukuseura.fi\/index.php?rest_route=\/wp\/v2\/users\/1"}],"replies":[{"embeddable":true,"href":"https:\/\/www.alandersukuseura.fi\/index.php?rest_route=%2Fwp%2Fv2%2Fcomments&post=362"}],"version-history":[{"count":5,"href":"https:\/\/www.alandersukuseura.fi\/index.php?rest_route=\/wp\/v2\/pages\/362\/revisions"}],"predecessor-version":[{"id":373,"href":"https:\/\/www.alandersukuseura.fi\/index.php?rest_route=\/wp\/v2\/pages\/362\/revisions\/373"}],"wp:attachment":[{"href":"https:\/\/www.alandersukuseura.fi\/index.php?rest_route=%2Fwp%2Fv2%2Fmedia&parent=362"}],"curies":[{"name":"wp","href":"https:\/\/api.w.org\/{rel}","templated":true}]}}