{"id":3,"date":"2025-10-10T17:39:48","date_gmt":"2025-10-10T17:39:48","guid":{"rendered":"https:\/\/www.alandersukuseura.fi\/?page_id=3"},"modified":"2026-01-12T16:53:43","modified_gmt":"2026-01-12T16:53:43","slug":"privacy-policy","status":"publish","type":"page","link":"https:\/\/www.alandersukuseura.fi\/?page_id=3","title":{"rendered":"Tietosuojaseloste"},"content":{"rendered":"\n<h2 class=\"wp-block-heading\">EU:n tietosuoja-asetuksen mukainen tietosuojaseloste.<\/h2>\n\n\n\n<p>Rekisterinpit\u00e4j\u00e4: \u00c5landerien sukuseura ry<\/p>\n\n\n\n<p>S\u00e4hk\u00f6posti: puheenjohtaja@alandersukuseura.fi<\/p>\n\n\n\n<p>Rekisteriasioita hoitava henkil\u00f6: Liisa Saavalainen<\/p>\n\n\n\n<p>Rekisterin nimi:&nbsp;<strong>J\u00e4senrekisteri<\/strong><\/p>\n\n\n\n<p>Miksi ker\u00e4\u00e4mme tietoja: Yhdistyslaissa s\u00e4\u00e4det\u00e4\u00e4n yhdistyksen velvollisuudesta pit\u00e4\u00e4 j\u00e4senluetteloa.<\/p>\n\n\n\n<p>Rekisterin k\u00e4ytt\u00f6tarkoitus on yll\u00e4mainitun lis\u00e4ksi, sukuseuran toiminnan mahdollistaminen. Ker\u00e4tyist\u00e4 tiedoista koostetaan ja yll\u00e4pidet\u00e4\u00e4n sukukirjaa. Rekisteri sis\u00e4lt\u00e4\u00e4 sukuselvityksen ja -tutkimuksen sek\u00e4 sukukirjan kannalta t\u00e4rkeit\u00e4 perustietoja, joista lis\u00e4\u00e4 alempana.<\/p>\n\n\n\n<p>J\u00e4senrekisteri sis\u00e4lt\u00e4\u00e4 seuraavat tiedot:<\/p>\n\n\n\n<ul class=\"wp-block-list\">\n<li>J\u00e4senen etu- ja sukunimi<\/li>\n\n\n\n<li>Osoite<\/li>\n\n\n\n<li>Puhelinnumero<\/li>\n\n\n\n<li>S\u00e4hk\u00f6posti<\/li>\n\n\n\n<li>Syntym\u00e4aika<\/li>\n\n\n\n<li>Syntym\u00e4paikka<\/li>\n\n\n\n<li>Mahdolliset sukukulaisuussuhteet suvun muihin j\u00e4seniin<\/li>\n<\/ul>\n\n\n\n<p>Rekisterin tiedot on ker\u00e4tty j\u00e4senilt\u00e4 itselt\u00e4\u00e4n seuraan liittymisen yhteydess\u00e4 sek\u00e4 vapaaehtoisilla ilmoituksilla \/ yhteydenotoilla.<\/p>\n\n\n\n<p>Yll\u00e4olevien tietojen lis\u00e4ksi rekisteri sis\u00e4lt\u00e4\u00e4 sukuselvityksen ja -tutkimuksen sek\u00e4 sukukirjan kannalta t\u00e4rkeit\u00e4 perustietoja:<\/p>\n\n\n\n<ul class=\"wp-block-list\">\n<li>Sukuun kuuluvan tai kuuluneen henkil\u00f6n t\u00e4ydellinen nimi, syntym\u00e4 aika ja paikka, kuolintiedot<\/li>\n\n\n\n<li>Puolison vastaavat tiedot<\/li>\n\n\n\n<li>Vihkiaika ja -paikka, avoliiton alkamisaika<\/li>\n\n\n\n<li>Eroaika ja -paikka<\/li>\n\n\n\n<li>Lasten t\u00e4ydelliset nimet, syntym\u00e4ajat ja -paikat. Jos useammasta liitosta, niin maininta niist\u00e4<\/li>\n\n\n\n<li>Sukutiedostolle sis\u00e4lt\u00f6\u00e4 antavia lis\u00e4tietoja; miss\u00e4 asuu tai asunut, maaseudulla kyl\u00e4, tila tai talon nimi ja numero. Koulutus tai ammatti. Muutot. Mit\u00e4 ja miss\u00e4 on p\u00e4\u00e4asiallisen el\u00e4m\u00e4nty\u00f6ns\u00e4 tehnyt. Harrastukset, saavutukset huomionosoitukset, hupaisat sattumukset, erikoispiirre jne.<\/li>\n<\/ul>\n\n\n\n<p>Rekisterin tietoja voidaan luovuttaa viranomaisille henkil\u00f6tietolain s\u00e4\u00e4d\u00f6sten mukaisesti. Tietoja ei luovuteta muille ulkopuolisille. Tietoja ei k\u00e4ytet\u00e4 tai luovuteta kaupallisiin tarkoituksiin.<br>J\u00e4senell\u00e4, sukuun kuuluvalla tai sukuun kuuluneella on lainmukainen oikeus n\u00e4hd\u00e4, korjauttaa tai poistattaa itse\u00e4\u00e4n koskeva aineisto. Tietoja ei luovuteta EU:n ulkopuolelle.<\/p>\n\n\n\n<p>Rekisterin suojaus: Kaikki ker\u00e4tty aineisto s\u00e4ilytet\u00e4\u00e4n yhdistyksen hallituksen hallinnassa.<\/p>\n\n\n\n<p>Ker\u00e4tyst\u00e4 aineistosta osa julkaistaan sukukirjassa. Kirjan voit tilata <a href=\"https:\/\/www.alandersukuseura.fi\/?page_id=20\" data-type=\"page\" data-id=\"20\">t\u00e4\u00e4lt\u00e4<\/a>.<\/p>\n\n\n\n<p>T\u00e4m\u00e4 tietosuojaseloste on viimeksi p\u00e4ivitetty 1.1.2026.<\/p>\n\n\n\n<p><\/p>\n","protected":false},"excerpt":{"rendered":"<p>EU:n tietosuoja-asetuksen mukainen tietosuojaseloste. Rekisterinpit\u00e4j\u00e4: \u00c5landerien sukuseura ry S\u00e4hk\u00f6posti: puheenjohtaja@alandersukuseura.fi Rekisteriasioita hoitava henkil\u00f6: Liisa Saavalainen Rekisterin nimi:&nbsp;J\u00e4senrekisteri Miksi ker\u00e4\u00e4mme tietoja: Yhdistyslaissa s\u00e4\u00e4det\u00e4\u00e4n yhdistyksen velvollisuudesta pit\u00e4\u00e4 j\u00e4senluetteloa. Rekisterin k\u00e4ytt\u00f6tarkoitus on yll\u00e4mainitun lis\u00e4ksi, sukuseuran toiminnan mahdollistaminen. Ker\u00e4tyist\u00e4 tiedoista koostetaan ja yll\u00e4pidet\u00e4\u00e4n sukukirjaa. Rekisteri sis\u00e4lt\u00e4\u00e4 sukuselvityksen ja -tutkimuksen sek\u00e4 sukukirjan kannalta t\u00e4rkeit\u00e4 perustietoja, joista lis\u00e4\u00e4 alempana. J\u00e4senrekisteri sis\u00e4lt\u00e4\u00e4 [&hellip;]<\/p>\n","protected":false},"author":1,"featured_media":0,"parent":0,"menu_order":0,"comment_status":"closed","ping_status":"closed","template":"","meta":{"footnotes":""},"class_list":["post-3","page","type-page","status-publish","hentry"],"_links":{"self":[{"href":"https:\/\/www.alandersukuseura.fi\/index.php?rest_route=\/wp\/v2\/pages\/3","targetHints":{"allow":["GET"]}}],"collection":[{"href":"https:\/\/www.alandersukuseura.fi\/index.php?rest_route=\/wp\/v2\/pages"}],"about":[{"href":"https:\/\/www.alandersukuseura.fi\/index.php?rest_route=\/wp\/v2\/types\/page"}],"author":[{"embeddable":true,"href":"https:\/\/www.alandersukuseura.fi\/index.php?rest_route=\/wp\/v2\/users\/1"}],"replies":[{"embeddable":true,"href":"https:\/\/www.alandersukuseura.fi\/index.php?rest_route=%2Fwp%2Fv2%2Fcomments&post=3"}],"version-history":[{"count":4,"href":"https:\/\/www.alandersukuseura.fi\/index.php?rest_route=\/wp\/v2\/pages\/3\/revisions"}],"predecessor-version":[{"id":344,"href":"https:\/\/www.alandersukuseura.fi\/index.php?rest_route=\/wp\/v2\/pages\/3\/revisions\/344"}],"wp:attachment":[{"href":"https:\/\/www.alandersukuseura.fi\/index.php?rest_route=%2Fwp%2Fv2%2Fmedia&parent=3"}],"curies":[{"name":"wp","href":"https:\/\/api.w.org\/{rel}","templated":true}]}}