{"id":20,"date":"2025-10-10T17:59:16","date_gmt":"2025-10-10T17:59:16","guid":{"rendered":"https:\/\/www.alandersukuseura.fi\/?page_id=20"},"modified":"2026-01-12T16:52:25","modified_gmt":"2026-01-12T16:52:25","slug":"sukukirja","status":"publish","type":"page","link":"https:\/\/www.alandersukuseura.fi\/?page_id=20","title":{"rendered":"Sukukirja"},"content":{"rendered":"\n<p>Sukukirja (2019) on nyt tilattavissa hintaan 40 euroa + postikulut.<\/p>\n\n\n\n<p>Ota yhteytt\u00e4 allaolevan lomakkeen kautta ja laita viestiin puhelinnumerosi niin otamme yhteytt\u00e4.<\/p>\n\n\n\n<p>Sukukirjan tietokantaa hoitaa sukuseuran hallitus. Tarvittaessa kirjan tietoihin tehd\u00e4\u00e4n korjauksia ja tietoja t\u00e4ydennet\u00e4\u00e4n jatkossakin.<\/p>\n\n\n\n<p>Toivomme, ett\u00e4 ilmoittaisitte aina kaikki suvussanne tapahtuneet muutokset sukuseuralle (<a href=\"https:\/\/www.alandersukuseura.fi\/?page_id=14\" data-type=\"page\" data-id=\"14\">t\u00e4st\u00e4 linkist\u00e4<\/a>).<\/p>\n\n\n\n<p><a href=\"mailto:ollitapio8@gmail.com\"><\/a><em><\/em><\/p>\n\n\n\n<div class=\"wp-block-group has-global-padding is-layout-constrained wp-block-group-is-layout-constrained\">\n<div class=\"wp-block-group has-global-padding is-layout-constrained wp-block-group-is-layout-constrained\">\n<figure class=\"wp-block-gallery has-nested-images columns-default is-cropped wp-block-gallery-1 is-layout-flex wp-block-gallery-is-layout-flex\">\n<figure class=\"wp-block-image size-large\"><img loading=\"lazy\" decoding=\"async\" width=\"906\" height=\"600\" data-id=\"199\" src=\"https:\/\/www.alandersukuseura.fi\/wp-content\/uploads\/2025\/10\/Alander_KANNET_KORJvedos2-1-1.jpg\" alt=\"\" class=\"wp-image-199\" srcset=\"https:\/\/www.alandersukuseura.fi\/wp-content\/uploads\/2025\/10\/Alander_KANNET_KORJvedos2-1-1.jpg 906w, https:\/\/www.alandersukuseura.fi\/wp-content\/uploads\/2025\/10\/Alander_KANNET_KORJvedos2-1-1-300x199.jpg 300w, https:\/\/www.alandersukuseura.fi\/wp-content\/uploads\/2025\/10\/Alander_KANNET_KORJvedos2-1-1-768x509.jpg 768w\" sizes=\"auto, (max-width: 906px) 100vw, 906px\" \/><\/figure>\n<\/figure>\n<\/div>\n<\/div>\n\n\n<div class='fluentform ff-default fluentform_wrapper_3  ff_guten_block ff_guten_block-3 ffs_default_wrap'><form data-form_id=\"3\" id=\"fluentform_3\" class=\"frm-fluent-form fluent_form_3 ff-el-form-top ff_form_instance_3_1 ff-form-loading ffs_default\" data-form_instance=\"ff_form_instance_3_1\" method=\"POST\" ><fieldset  style=\"border: none!important;margin: 0!important;padding: 0!important;background-color: transparent!important;box-shadow: none!important;outline: none!important; min-inline-size: 100%;\">\n                    <legend class=\"ff_screen_reader_title\" style=\"display: block; margin: 0!important;padding: 0!important;height: 0!important;text-indent: -999999px;width: 0!important;overflow:hidden;\">Blank Form (Kirjatilaus)<\/legend><input type='hidden' name='__fluent_form_embded_post_id' value='20' \/><input type=\"hidden\" id=\"_fluentform_3_fluentformnonce\" name=\"_fluentform_3_fluentformnonce\" value=\"2e09de1a8d\" \/><input type=\"hidden\" name=\"_wp_http_referer\" value=\"\/index.php?rest_route=%2Fwp%2Fv2%2Fpages%2F20\" \/><div class='ff-el-group  ff-custom_html' tabindex='-1' data-name=\"custom_html-3_1\" ><h4><strong>Sukukirjan tilaus<\/strong><\/h4><\/div><div data-type=\"name-element\" data-name=\"names\" class=\" ff-field_container ff-name-field-wrapper\" ><div class='ff-t-container'><div class='ff-t-cell '><div class='ff-el-group ff-el-form-top'><div class=\"ff-el-input--label ff-el-is-required asterisk-right\"><label for='ff_3_names_first_name_' id='label_ff_3_names_first_name_' >Etunimi<\/label><\/div><div class='ff-el-input--content'><input type=\"text\" name=\"names[first_name]\" id=\"ff_3_names_first_name_\" class=\"ff-el-form-control\" placeholder=\"Etunimi\" aria-invalid=\"false\" aria-required=true><\/div><\/div><\/div><div class='ff-t-cell '><div class='ff-el-group ff-el-form-top'><div class=\"ff-el-input--label ff-el-is-required asterisk-right\"><label for='ff_3_names_last_name_' id='label_ff_3_names_last_name_' >Sukunimi<\/label><\/div><div class='ff-el-input--content'><input type=\"text\" name=\"names[last_name]\" id=\"ff_3_names_last_name_\" class=\"ff-el-form-control\" placeholder=\"Sukunimi\" aria-invalid=\"false\" aria-required=true><\/div><\/div><\/div><\/div><\/div><div class='ff-el-group'><div class=\"ff-el-input--label asterisk-right\"><label for='ff_3_email' id='label_ff_3_email' aria-label=\"S\u00e4hk\u00f6postiosoitteesi\">S\u00e4hk\u00f6postiosoitteesi<\/label><\/div><div class='ff-el-input--content'><input type=\"email\" name=\"email\" id=\"ff_3_email\" class=\"ff-el-form-control\" placeholder=\"S\u00e4hk\u00f6postiosoitteesi\" data-name=\"email\"  aria-invalid=\"false\" aria-required=false><\/div><\/div><div class='ff-el-group ff-el-form-top'><div class=\"ff-el-input--label ff-el-is-required asterisk-right\"><label for='ff_3_numeric_field' id='label_ff_3_numeric_field' aria-label=\"Puhelinnumerosi\">Puhelinnumerosi<\/label><\/div><div class='ff-el-input--content'><input type=\"number\" name=\"numeric_field\" id=\"ff_3_numeric_field\" class=\"ff-el-form-control\" placeholder=\"Puhelinnumerosi\" data-name=\"numeric_field\" inputmode=\"numeric\" step=\"any\"  aria-invalid=\"false\" aria-required=true><\/div><\/div><div class='ff-el-group'><div class=\"ff-el-input--label ff-el-is-required asterisk-right\"><label for='ff_3_numeric_field_1' id='label_ff_3_numeric_field_1' aria-label=\"Tilattavien kirjojen lukum\u00e4\u00e4r\u00e4 (numeroin)\">Tilattavien kirjojen lukum\u00e4\u00e4r\u00e4 (numeroin)<\/label><\/div><div class='ff-el-input--content'><input type=\"number\" name=\"numeric_field_1\" id=\"ff_3_numeric_field_1\" class=\"ff-el-form-control\" placeholder=\"1\" data-name=\"numeric_field_1\" inputmode=\"numeric\" step=\"any\" min=\"1\" aria-valuemin=\"1\" max=\"10\" aria-valuemax=\"10\"  aria-invalid=\"false\" aria-required=true><\/div><\/div><div class='ff-el-group ff-text-left ff_submit_btn_wrapper'><button type=\"submit\" class=\"ff-btn ff-btn-submit ff-btn-md ff_btn_style\"  aria-label=\"L\u00e4het\u00e4 kirjatilaus\">L\u00e4het\u00e4 kirjatilaus<\/button><\/div><\/fieldset><\/form><div id='fluentform_3_errors' class='ff-errors-in-stack ff_form_instance_3_1 ff-form-loading_errors ff_form_instance_3_1_errors'><\/div><\/div>            <script type=\"text\/javascript\">\n                window.fluent_form_ff_form_instance_3_1 = {\"id\":\"3\",\"ajaxUrl\":\"https:\\\/\\\/www.alandersukuseura.fi\\\/wp-admin\\\/admin-ajax.php\",\"settings\":{\"layout\":{\"labelPlacement\":\"top\",\"asteriskPlacement\":\"asterisk-right\",\"helpMessagePlacement\":\"with_label\",\"errorMessagePlacement\":\"inline\",\"cssClassName\":\"\"},\"restrictions\":{\"denyEmptySubmission\":{\"enabled\":false}}},\"form_instance\":\"ff_form_instance_3_1\",\"form_id_selector\":\"fluentform_3\",\"rules\":{\"names[first_name]\":{\"required\":{\"value\":true,\"message\":\"This field is required\",\"global_message\":\"This field is required\",\"global\":true}},\"names[middle_name]\":{\"required\":{\"value\":false,\"message\":\"This field is required\",\"global_message\":\"This field is required\",\"global\":true}},\"names[last_name]\":{\"required\":{\"value\":true,\"message\":\"This field is required\",\"global_message\":\"This field is required\",\"global\":true}},\"email\":{\"required\":{\"value\":false,\"message\":\"This field is required\",\"global_message\":\"This field is required\",\"global\":true},\"email\":{\"value\":true,\"message\":\"This field must contain a valid email\",\"global_message\":\"This field must contain a valid email\",\"global\":true}},\"numeric_field\":{\"required\":{\"value\":true,\"message\":\"This field is required\",\"global_message\":\"This field is required\",\"global\":true},\"numeric\":{\"value\":true,\"message\":\"This field must contain numeric value\",\"global_message\":\"This field must contain numeric value\",\"global\":true},\"min\":{\"value\":\"\",\"message\":\"Validation fails for minimum value\",\"global_message\":\"Validation fails for minimum value\",\"global\":true},\"max\":{\"value\":\"\",\"message\":\"Validation fails for maximum value\",\"global_message\":\"Validation fails for maximum value\",\"global\":true},\"digits\":{\"value\":\"\",\"message\":\"Validation fails for limited digits\",\"global_message\":\"Validation fails for limited digits\",\"global\":true}},\"numeric_field_1\":{\"required\":{\"value\":true,\"message\":\"This field is required\",\"global_message\":\"This field is required\",\"global\":true},\"numeric\":{\"value\":true,\"message\":\"This field must contain numeric value\",\"global_message\":\"This field must contain numeric value\",\"global\":true},\"min\":{\"value\":\"1\",\"message\":\"Validation fails for minimum value\",\"global_message\":\"Validation fails for minimum value\",\"global\":true},\"max\":{\"value\":\"10\",\"message\":\"Validation fails for maximum value\",\"global_message\":\"Validation fails for maximum value\",\"global\":true},\"digits\":{\"value\":\"\",\"message\":\"Validation fails for limited digits\",\"global_message\":\"Validation fails for limited digits\",\"global\":true}}},\"debounce_time\":300};\n                            <\/script>\n            \n\n\n<p><\/p>\n","protected":false},"excerpt":{"rendered":"<p>Sukukirja (2019) on nyt tilattavissa hintaan 40 euroa + postikulut. Ota yhteytt\u00e4 allaolevan lomakkeen kautta ja laita viestiin puhelinnumerosi niin otamme yhteytt\u00e4. Sukukirjan tietokantaa hoitaa sukuseuran hallitus. Tarvittaessa kirjan tietoihin tehd\u00e4\u00e4n korjauksia ja tietoja t\u00e4ydennet\u00e4\u00e4n jatkossakin. Toivomme, ett\u00e4 ilmoittaisitte aina kaikki suvussanne tapahtuneet muutokset sukuseuralle (t\u00e4st\u00e4 linkist\u00e4).<\/p>\n","protected":false},"author":1,"featured_media":0,"parent":0,"menu_order":0,"comment_status":"closed","ping_status":"closed","template":"","meta":{"footnotes":""},"class_list":["post-20","page","type-page","status-publish","hentry"],"_links":{"self":[{"href":"https:\/\/www.alandersukuseura.fi\/index.php?rest_route=\/wp\/v2\/pages\/20","targetHints":{"allow":["GET"]}}],"collection":[{"href":"https:\/\/www.alandersukuseura.fi\/index.php?rest_route=\/wp\/v2\/pages"}],"about":[{"href":"https:\/\/www.alandersukuseura.fi\/index.php?rest_route=\/wp\/v2\/types\/page"}],"author":[{"embeddable":true,"href":"https:\/\/www.alandersukuseura.fi\/index.php?rest_route=\/wp\/v2\/users\/1"}],"replies":[{"embeddable":true,"href":"https:\/\/www.alandersukuseura.fi\/index.php?rest_route=%2Fwp%2Fv2%2Fcomments&post=20"}],"version-history":[{"count":13,"href":"https:\/\/www.alandersukuseura.fi\/index.php?rest_route=\/wp\/v2\/pages\/20\/revisions"}],"predecessor-version":[{"id":343,"href":"https:\/\/www.alandersukuseura.fi\/index.php?rest_route=\/wp\/v2\/pages\/20\/revisions\/343"}],"wp:attachment":[{"href":"https:\/\/www.alandersukuseura.fi\/index.php?rest_route=%2Fwp%2Fv2%2Fmedia&parent=20"}],"curies":[{"name":"wp","href":"https:\/\/api.w.org\/{rel}","templated":true}]}}