{"id":14,"date":"2025-10-10T17:59:06","date_gmt":"2025-10-10T17:59:06","guid":{"rendered":"https:\/\/www.alandersukuseura.fi\/?page_id=14"},"modified":"2025-10-12T12:06:25","modified_gmt":"2025-10-12T12:06:25","slug":"sukutietojen-ilmoittajalle","status":"publish","type":"page","link":"https:\/\/www.alandersukuseura.fi\/?page_id=14","title":{"rendered":"Sukutietojen ilmoittajalle"},"content":{"rendered":"\n<div class=\"wp-block-group has-global-padding is-layout-constrained wp-block-group-is-layout-constrained\">\n<h6 class=\"wp-block-heading\" id=\"madpages_element_title_1_kskpage_1\">Allaolevassa lomakkeessa kysyt\u00e4\u00e4n sukuselvityksen kannalta t\u00e4rkeit\u00e4 perustietoja.<\/h6>\n\n\n\n<p><\/p>\n\n\n\n<p><\/p>\n\n\n<div class='fluentform ff-default fluentform_wrapper_4  ff_guten_block ff_guten_block-4 ffs_default_wrap'><form data-form_id=\"4\" id=\"fluentform_4\" class=\"frm-fluent-form fluent_form_4 ff-el-form-top ff_form_instance_4_1 ff-form-loading ffs_default\" data-form_instance=\"ff_form_instance_4_1\" method=\"POST\" ><fieldset  style=\"border: none!important;margin: 0!important;padding: 0!important;background-color: transparent!important;box-shadow: none!important;outline: none!important; min-inline-size: 100%;\">\n                    <legend class=\"ff_screen_reader_title\" style=\"display: block; margin: 0!important;padding: 0!important;height: 0!important;text-indent: -999999px;width: 0!important;overflow:hidden;\">Blank Form (Sukutietojen ilmoitus)<\/legend><input type='hidden' name='__fluent_form_embded_post_id' value='14' \/><input type=\"hidden\" id=\"_fluentform_4_fluentformnonce\" name=\"_fluentform_4_fluentformnonce\" value=\"2e09de1a8d\" \/><input type=\"hidden\" name=\"_wp_http_referer\" value=\"\/index.php?rest_route=%2Fwp%2Fv2%2Fpages%2F14\" \/><div class='ff-el-group  ff-custom_html' tabindex='-1' data-name=\"custom_html-4_1\" ><h4><strong data-v-143f454e=\"\">Sukutietojen ilmoitus<\/strong><\/h4><\/div><div data-type=\"name-element\" data-name=\"names\" class=\" ff-field_container ff-name-field-wrapper\" ><div class='ff-t-container'><div class='ff-t-cell '><div class='ff-el-group ff-el-form-top'><div class=\"ff-el-input--label ff-el-is-required asterisk-right\"><label for='ff_4_names_first_name_' id='label_ff_4_names_first_name_' >Ilmoittajan &#8211; Sukunimi<\/label><\/div><div class='ff-el-input--content'><input type=\"text\" name=\"names[first_name]\" id=\"ff_4_names_first_name_\" class=\"ff-el-form-control\" placeholder=\"Sukunimi\" aria-invalid=\"false\" aria-required=true><\/div><\/div><\/div><div class='ff-t-cell '><div class='ff-el-group ff-el-form-top'><div class=\"ff-el-input--label ff-el-is-required asterisk-right\"><label for='ff_4_names_last_name_' id='label_ff_4_names_last_name_' >Ilmoittajan &#8211; Etunimi<\/label><\/div><div class='ff-el-input--content'><input type=\"text\" name=\"names[last_name]\" id=\"ff_4_names_last_name_\" class=\"ff-el-form-control\" placeholder=\"Etunimi\" aria-invalid=\"false\" aria-required=true><\/div><\/div><\/div><\/div><\/div><div class='ff-el-group'><div class=\"ff-el-input--label ff-el-is-required asterisk-right\"><label for='ff_4_email' id='label_ff_4_email' aria-label=\"Ilmoittajan -S\u00e4hk\u00f6postiosoite\">Ilmoittajan -S\u00e4hk\u00f6postiosoite<\/label><\/div><div class='ff-el-input--content'><input type=\"email\" name=\"email\" id=\"ff_4_email\" class=\"ff-el-form-control\" placeholder=\"S\u00e4hk\u00f6postiosoitteesi\" data-name=\"email\"  aria-invalid=\"false\" aria-required=true><\/div><\/div><div class='ff-el-group'><div class=\"ff-el-input--label asterisk-right\"><label for='ff_4_numeric_field' id='label_ff_4_numeric_field' aria-label=\"Ilmoittajan - Puhelinnumero\">Ilmoittajan &#8211; Puhelinnumero<\/label><\/div><div class='ff-el-input--content'><input type=\"number\" name=\"numeric_field\" id=\"ff_4_numeric_field\" class=\"ff-el-form-control\" placeholder=\"Puhelinnumerosi\" data-name=\"numeric_field\" inputmode=\"numeric\" step=\"any\"  aria-invalid=\"false\" aria-required=false><\/div><\/div><div class='ff-el-group'><div class=\"ff-el-input--label asterisk-right\"><label for='ff_4_description' id='label_ff_4_description' aria-label=\"Henkil\u00f6n josta ilmoitat - t\u00e4ydellinen nimi, syntym\u00e4 aika ja paikka, kuolintiedot\">Henkil\u00f6n josta ilmoitat &#8211; t\u00e4ydellinen nimi, syntym\u00e4 aika ja paikka, kuolintiedot<\/label><\/div><div class='ff-el-input--content'><textarea aria-required=\"false\" aria-labelledby=\"label_ff_4_description\" name=\"description\" id=\"ff_4_description\" class=\"ff-el-form-control\" placeholder=\"Henkil\u00f6n - t\u00e4ydellinen nimi, syntym\u00e4 aika ja paikka, kuolintiedot\" rows=\"3\" cols=\"2\" data-name=\"description\" ><\/textarea><\/div><\/div><div class='ff-el-group'><div class=\"ff-el-input--label asterisk-right\"><label for='ff_4_description_1' id='label_ff_4_description_1' aria-label=\"H\u00e4nen puolison - t\u00e4ydellinen nimi, syntym\u00e4 aika ja paikka, kuolintiedot\">H\u00e4nen puolison &#8211; t\u00e4ydellinen nimi, syntym\u00e4 aika ja paikka, kuolintiedot<\/label><\/div><div class='ff-el-input--content'><textarea aria-required=\"false\" aria-labelledby=\"label_ff_4_description_1\" name=\"description_1\" id=\"ff_4_description_1\" class=\"ff-el-form-control\" placeholder=\"Puolison - t\u00e4ydellinen nimi, syntym\u00e4 aika ja paikka, kuolintiedot\" rows=\"3\" cols=\"2\" data-name=\"description_1\" ><\/textarea><\/div><\/div><div class='ff-el-group'><div class=\"ff-el-input--label asterisk-right\"><label for='ff_4_description_3' id='label_ff_4_description_3' aria-label=\"Heid\u00e4n eroaika ja paikka\">Heid\u00e4n eroaika ja paikka<\/label><\/div><div class='ff-el-input--content'><textarea aria-required=\"false\" aria-labelledby=\"label_ff_4_description_3\" name=\"description_3\" id=\"ff_4_description_3\" class=\"ff-el-form-control\" placeholder=\"Eroaika ja paikka\" rows=\"3\" cols=\"2\" data-name=\"description_3\" ><\/textarea><\/div><\/div><div class='ff-el-group'><div class=\"ff-el-input--label asterisk-right\"><label for='ff_4_description_2' id='label_ff_4_description_2' aria-label=\"Vihkiaika ja paikka, avoliiton alkamisaika\">Vihkiaika ja paikka, avoliiton alkamisaika<\/label><\/div><div class='ff-el-input--content'><textarea aria-required=\"false\" aria-labelledby=\"label_ff_4_description_2\" name=\"description_2\" id=\"ff_4_description_2\" class=\"ff-el-form-control\" placeholder=\"Vihkiaika ja paikka, avoliiton alkamisaika\" rows=\"3\" cols=\"2\" data-name=\"description_2\" ><\/textarea><\/div><\/div><div class='ff-el-group'><div class=\"ff-el-input--label asterisk-right\"><label for='ff_4_description_4' id='label_ff_4_description_4' aria-label=\"Lasten t\u00e4ydelliset nimet, syntym\u00e4ajat ja paikat. Jos useammasta liitosta, niin maininta niist\u00e4\">Lasten t\u00e4ydelliset nimet, syntym\u00e4ajat ja paikat. Jos useammasta liitosta, niin maininta niist\u00e4<\/label><\/div><div class='ff-el-input--content'><textarea aria-required=\"false\" aria-labelledby=\"label_ff_4_description_4\" name=\"description_4\" id=\"ff_4_description_4\" class=\"ff-el-form-control\" placeholder=\"Lasten t\u00e4ydelliset nimet, syntym\u00e4ajat ja paikat. Jos useammasta liitosta, niin maininta niist\u00e4\" rows=\"3\" cols=\"2\" data-name=\"description_4\" ><\/textarea><\/div><\/div><div class='ff-el-group'><div class=\"ff-el-input--label asterisk-right\"><label for='ff_4_description_5' id='label_ff_4_description_5' aria-label=\"Lis\u00e4tiedot\">Lis\u00e4tiedot<\/label><\/div><div class='ff-el-input--content'><textarea aria-required=\"false\" aria-labelledby=\"label_ff_4_description_5\" name=\"description_5\" id=\"ff_4_description_5\" class=\"ff-el-form-control\" placeholder=\"Sukutiedostolle antaa sis\u00e4lt\u00f6\u00e4; miss\u00e4 asuu tai asunut, maaseudulla kyl\u00e4, tila tai talon nimi ja numero. Koulutus tai ammatti. Muutot. Mit\u00e4 ja miss\u00e4 on p\u00e4\u00e4asiallisen el\u00e4m\u00e4nty\u00f6ns\u00e4 tehnyt. Harrastukset, saavutukset huomionosoitukset, hupaisat sattumukset, erikoispiirre jne.\" rows=\"3\" cols=\"2\" data-name=\"description_5\" ><\/textarea><\/div><\/div><div class='ff-el-group ff-text-left ff_submit_btn_wrapper'><button type=\"submit\" class=\"ff-btn ff-btn-submit ff-btn-md ff_btn_style\"  aria-label=\"L\u00e4het\u00e4 viesti\">L\u00e4het\u00e4 viesti<\/button><\/div><\/fieldset><\/form><div id='fluentform_4_errors' class='ff-errors-in-stack ff_form_instance_4_1 ff-form-loading_errors ff_form_instance_4_1_errors'><\/div><\/div>            <script type=\"text\/javascript\">\n                window.fluent_form_ff_form_instance_4_1 = {\"id\":\"4\",\"ajaxUrl\":\"https:\\\/\\\/www.alandersukuseura.fi\\\/wp-admin\\\/admin-ajax.php\",\"settings\":{\"layout\":{\"labelPlacement\":\"top\",\"asteriskPlacement\":\"asterisk-right\",\"helpMessagePlacement\":\"with_label\",\"errorMessagePlacement\":\"inline\",\"cssClassName\":\"\"},\"restrictions\":{\"denyEmptySubmission\":{\"enabled\":false}}},\"form_instance\":\"ff_form_instance_4_1\",\"form_id_selector\":\"fluentform_4\",\"rules\":{\"names[first_name]\":{\"required\":{\"value\":true,\"message\":\"This field is required\",\"global_message\":\"This field is required\",\"global\":true}},\"names[middle_name]\":{\"required\":{\"value\":false,\"message\":\"This field is required\",\"global_message\":\"This field is required\",\"global\":true}},\"names[last_name]\":{\"required\":{\"value\":true,\"message\":\"This field is required\",\"global_message\":\"This field is required\",\"global\":true}},\"email\":{\"required\":{\"value\":true,\"message\":\"This field is required\",\"global_message\":\"This field is required\",\"global\":true},\"email\":{\"value\":true,\"message\":\"This field must contain a valid email\",\"global_message\":\"This field must contain a valid email\",\"global\":true}},\"numeric_field\":{\"required\":{\"value\":false,\"message\":\"This field is required\",\"global_message\":\"This field is required\",\"global\":true},\"numeric\":{\"value\":true,\"message\":\"This field must contain numeric value\",\"global_message\":\"This field must contain numeric value\",\"global\":true},\"min\":{\"value\":\"\",\"message\":\"Validation fails for minimum value\",\"global_message\":\"Validation fails for minimum value\",\"global\":true},\"max\":{\"value\":\"\",\"message\":\"Validation fails for maximum value\",\"global_message\":\"Validation fails for maximum value\",\"global\":true},\"digits\":{\"value\":\"\",\"message\":\"Validation fails for limited digits\",\"global_message\":\"Validation fails for limited digits\",\"global\":true}},\"description\":{\"required\":{\"value\":false,\"message\":\"This field is required\",\"global_message\":\"This field is required\",\"global\":true}},\"description_1\":{\"required\":{\"value\":false,\"message\":\"This field is required\",\"global_message\":\"This field is required\",\"global\":true}},\"description_3\":{\"required\":{\"value\":false,\"message\":\"This field is required\",\"global_message\":\"This field is required\",\"global\":true}},\"description_2\":{\"required\":{\"value\":false,\"message\":\"This field is required\",\"global_message\":\"This field is required\",\"global\":true}},\"description_4\":{\"required\":{\"value\":false,\"message\":\"This field is required\",\"global_message\":\"This field is required\",\"global\":true}},\"description_5\":{\"required\":{\"value\":false,\"message\":\"This field is required\",\"global_message\":\"This field is required\",\"global\":true}}},\"debounce_time\":300};\n                            <\/script>\n            \n\n\n<p><\/p>\n<\/div>\n","protected":false},"excerpt":{"rendered":"<p>Allaolevassa lomakkeessa kysyt\u00e4\u00e4n sukuselvityksen kannalta t\u00e4rkeit\u00e4 perustietoja.<\/p>\n","protected":false},"author":1,"featured_media":0,"parent":0,"menu_order":0,"comment_status":"closed","ping_status":"closed","template":"","meta":{"footnotes":""},"class_list":["post-14","page","type-page","status-publish","hentry"],"_links":{"self":[{"href":"https:\/\/www.alandersukuseura.fi\/index.php?rest_route=\/wp\/v2\/pages\/14","targetHints":{"allow":["GET"]}}],"collection":[{"href":"https:\/\/www.alandersukuseura.fi\/index.php?rest_route=\/wp\/v2\/pages"}],"about":[{"href":"https:\/\/www.alandersukuseura.fi\/index.php?rest_route=\/wp\/v2\/types\/page"}],"author":[{"embeddable":true,"href":"https:\/\/www.alandersukuseura.fi\/index.php?rest_route=\/wp\/v2\/users\/1"}],"replies":[{"embeddable":true,"href":"https:\/\/www.alandersukuseura.fi\/index.php?rest_route=%2Fwp%2Fv2%2Fcomments&post=14"}],"version-history":[{"count":4,"href":"https:\/\/www.alandersukuseura.fi\/index.php?rest_route=\/wp\/v2\/pages\/14\/revisions"}],"predecessor-version":[{"id":207,"href":"https:\/\/www.alandersukuseura.fi\/index.php?rest_route=\/wp\/v2\/pages\/14\/revisions\/207"}],"wp:attachment":[{"href":"https:\/\/www.alandersukuseura.fi\/index.php?rest_route=%2Fwp%2Fv2%2Fmedia&parent=14"}],"curies":[{"name":"wp","href":"https:\/\/api.w.org\/{rel}","templated":true}]}}