{"id":113,"date":"2025-10-11T14:03:52","date_gmt":"2025-10-11T14:03:52","guid":{"rendered":"https:\/\/www.alandersukuseura.fi\/?page_id=113"},"modified":"2026-01-09T15:49:15","modified_gmt":"2026-01-09T15:49:15","slug":"sukuseura","status":"publish","type":"page","link":"https:\/\/www.alandersukuseura.fi\/?page_id=113","title":{"rendered":"Sukuseura"},"content":{"rendered":"\n<p>\u00c5landerien Sukuseura ry on perustettu 10.9.1994 Lappeenrannassa. Perustavan kokouksen kutsui koolle Terttu Peitsoma Lappeenrannasta. H\u00e4n ja h\u00e4nen sisarensa Sirkka Ahoraita kiinnostuivat v\u00e4rikk\u00e4\u00e4n ja persoonallisen ukkinsa Kustaa \u00c5landerin suvusta ja kutsuivat \u00c5landereita perustamaan sukuseuraa Lappeenrantaan. Kuudessa lehdess\u00e4 ollut ilmoitus tuotti tulosta ja 80 henkil\u00f6\u00e4 tuli paikalle. Perustamiskokouksen p\u00f6yt\u00e4kirjassa on 77 henkil\u00f6\u00e4, joista 10 lasta.<\/p>\n\n\n\n<p>Sukuseuran tarkoituksena on selvitt\u00e4\u00e4 suvun vaiheita ja historiaa, vaalia suvun perinteit\u00e4 ja yhdist\u00e4\u00e4 yhteenkuuluvuuden tunnetta j\u00e4senten keskuudessa.&nbsp;<a href=\"https:\/\/www.alandersukuseura.fi\/?page_id=9\" data-type=\"page\" data-id=\"9\">J\u00e4seneksi<\/a>&nbsp;voidaan hyv\u00e4ksy\u00e4 18 vuotta t\u00e4ytt\u00e4nyt henkil\u00f6, joka is\u00e4n tai \u00e4idin puolelta on sukuun kuuluva tai avioliiton kautta siihen liittynyt.<\/p>\n\n\n\n<figure class=\"wp-block-image aligncenter size-full is-resized\"><img loading=\"lazy\" decoding=\"async\" width=\"142\" height=\"152\" src=\"https:\/\/www.alandersukuseura.fi\/wp-content\/uploads\/2025\/10\/vaakuna142pix.gif\" alt=\"\" class=\"wp-image-7\" style=\"width:135px;height:auto\"\/><\/figure>\n\n\n\n<p class=\"has-text-align-center\"><\/p>\n\n\n\n<p><\/p>\n","protected":false},"excerpt":{"rendered":"<p>\u00c5landerien Sukuseura ry on perustettu 10.9.1994 Lappeenrannassa. Perustavan kokouksen kutsui koolle Terttu Peitsoma Lappeenrannasta. H\u00e4n ja h\u00e4nen sisarensa Sirkka Ahoraita kiinnostuivat v\u00e4rikk\u00e4\u00e4n ja persoonallisen ukkinsa Kustaa \u00c5landerin suvusta ja kutsuivat \u00c5landereita perustamaan sukuseuraa Lappeenrantaan. Kuudessa lehdess\u00e4 ollut ilmoitus tuotti tulosta ja 80 henkil\u00f6\u00e4 tuli paikalle. Perustamiskokouksen p\u00f6yt\u00e4kirjassa on 77 henkil\u00f6\u00e4, joista 10 lasta. Sukuseuran tarkoituksena [&hellip;]<\/p>\n","protected":false},"author":1,"featured_media":0,"parent":0,"menu_order":0,"comment_status":"closed","ping_status":"closed","template":"","meta":{"footnotes":""},"class_list":["post-113","page","type-page","status-publish","hentry"],"_links":{"self":[{"href":"https:\/\/www.alandersukuseura.fi\/index.php?rest_route=\/wp\/v2\/pages\/113","targetHints":{"allow":["GET"]}}],"collection":[{"href":"https:\/\/www.alandersukuseura.fi\/index.php?rest_route=\/wp\/v2\/pages"}],"about":[{"href":"https:\/\/www.alandersukuseura.fi\/index.php?rest_route=\/wp\/v2\/types\/page"}],"author":[{"embeddable":true,"href":"https:\/\/www.alandersukuseura.fi\/index.php?rest_route=\/wp\/v2\/users\/1"}],"replies":[{"embeddable":true,"href":"https:\/\/www.alandersukuseura.fi\/index.php?rest_route=%2Fwp%2Fv2%2Fcomments&post=113"}],"version-history":[{"count":5,"href":"https:\/\/www.alandersukuseura.fi\/index.php?rest_route=\/wp\/v2\/pages\/113\/revisions"}],"predecessor-version":[{"id":330,"href":"https:\/\/www.alandersukuseura.fi\/index.php?rest_route=\/wp\/v2\/pages\/113\/revisions\/330"}],"wp:attachment":[{"href":"https:\/\/www.alandersukuseura.fi\/index.php?rest_route=%2Fwp%2Fv2%2Fmedia&parent=113"}],"curies":[{"name":"wp","href":"https:\/\/api.w.org\/{rel}","templated":true}]}}